{"id":421,"date":"2024-06-07T10:33:43","date_gmt":"2024-06-07T10:33:43","guid":{"rendered":"http:\/\/stardawnai.com\/?page_id=421"},"modified":"2024-07-13T07:41:52","modified_gmt":"2024-07-13T07:41:52","slug":"agb","status":"publish","type":"page","link":"https:\/\/stardawnai.com\/de\/agb\/","title":{"rendered":"AGB"},"content":{"rendered":"\n<p><strong>1. Einf\u00fchrung<\/strong><\/p>\n\n\n\n<p>Willkommen bei Stardawnai.com Diese Nutzungsbedingungen (\u201eBedingungen\u201c) regeln Ihren Zugang und die Nutzung unserer Website und Dienste. Durch den Zugriff auf oder die Nutzung des Dienstes erkl\u00e4ren Sie sich mit diesen Bedingungen einverstanden.<\/p>\n\n\n\n<p><strong>2. Erbrachte Dienstleistungen<\/strong><\/p>\n\n\n\n<p>Stardawn&nbsp; bietet Entwicklung autonomer Agenten, Unternehmensberatung, Chatbot-Entwicklung an und diese Dienstleistungen unterliegen den in diesem Dokument dargelegten Bedingungen.<\/p>\n\n\n\n<p><strong>3. \u00c4nderungen der Bedingungen<\/strong><\/p>\n\n\n\n<p>Wir behalten uns das Recht vor, diese Bedingungen jederzeit zu \u00e4ndern. Wir werden die Nutzer \u00fcber \u00c4nderungen informieren, indem wir die neuen Bedingungen auf dieser Website ver\u00f6ffentlichen. Ihre fortgesetzte Nutzung des Dienstes nach solchen \u00c4nderungen stellt Ihre Zustimmung zu den neuen Bedingungen dar.<\/p>\n\n\n\n<p><strong>4. Kontoanmeldung und -nutzung<\/strong><\/p>\n\n\n\n<p>Um bestimmte Funktionen unseres Dienstes nutzen zu k\u00f6nnen, m\u00fcssen Sie m\u00f6glicherweise ein Konto erstellen. Sie erkl\u00e4ren sich damit einverstanden, w\u00e4hrend des Registrierungsprozesses genaue, aktuelle und vollst\u00e4ndige Informationen bereitzustellen und diese Informationen zu aktualisieren, um ihre Genauigkeit, Aktualit\u00e4t und Vollst\u00e4ndigkeit zu gew\u00e4hrleisten.<\/p>\n\n\n\n<p><strong>5. Datenschutzrichtlinie<\/strong><\/p>\n\n\n\n<p>Unsere Datenschutzrichtlinie, die beschreibt, wie wir pers\u00f6nliche Daten verarbeiten, ist auf unserer Website verf\u00fcgbar und Teil dieser Bedingungen.<\/p>\n\n\n\n<p><strong>6. Benutzerverhalten<\/strong><\/p>\n\n\n\n<p>Sie erkl\u00e4ren sich damit einverstanden, den Dienst nur zu rechtm\u00e4\u00dfigen Zwecken zu nutzen und den Dienst nicht f\u00fcr illegale oder unbefugte Zwecke zu verwenden.<\/p>\n\n\n\n<p><strong>7. Geistiges Eigentum<\/strong><\/p>\n\n\n\n<p>Alle Rechte des geistigen Eigentums am Dienst und dessen Inhalt sind das ausschlie\u00dfliche Eigentum von Stardawn&nbsp; oder seinen Lizenzgebern.<\/p>\n\n\n\n<p><strong>8. Dienstleistungen Dritter<\/strong><\/p>\n\n\n\n<p>Unser Dienst kann Links zu Websites oder Diensten Dritter enthalten, die nicht im Eigentum oder unter der Kontrolle von Stardawn stehen. Wir haben keine Kontrolle \u00fcber den Inhalt oder die Praktiken dieser Websites oder Dienste Dritter und \u00fcbernehmen daf\u00fcr keine Verantwortung.<\/p>\n\n\n\n<p><strong>9. K\u00fcndigung<\/strong><\/p>\n\n\n\n<p>Wir k\u00f6nnen den Zugang zu unserem Dienst sofort, ohne vorherige Ank\u00fcndigung oder Haftung, aus irgendeinem Grund k\u00fcndigen oder aussetzen, einschlie\u00dflich, aber nicht beschr\u00e4nkt auf, wenn Sie die Bedingungen verletzen.<\/p>\n\n\n\n<p><strong>10. Anwendbares Recht<\/strong><\/p>\n\n\n\n<p>Diese Bedingungen unterliegen den Gesetzen der Vereinigten Arabischen Emirate und werden in \u00dcbereinstimmung mit diesen ausgelegt, ohne R\u00fccksicht auf Kollisionsnormen.<\/p>\n\n\n\n<p><strong>11. \u00c4nderungen am Dienst<\/strong><\/p>\n\n\n\n<p>Wir behalten uns das Recht vor, unseren Dienst und jegliche Dienstleistungen oder Materialien, die wir \u00fcber den Dienst bereitstellen, nach unserem alleinigen Ermessen ohne Ank\u00fcndigung zur\u00fcckzuziehen oder zu \u00e4ndern.<\/p>\n\n\n\n<p><strong>12. Haftungsausschluss und Haftungsbeschr\u00e4nkung<\/strong><\/p>\n\n\n\n<p>Der Dienst und sein Inhalt werden \u201ewie besehen\u201c ohne jegliche Gew\u00e4hrleistung angeboten. In keinem Fall wird Stardawn, noch seine Direktoren, Mitarbeiter, Partner, Agenten, Lieferanten oder Verb\u00fcndeten, haftbar f\u00fcr indirekte, zuf\u00e4llige, besondere, folgenschwere oder strafende Sch\u00e4den sein, einschlie\u00dflich, aber nicht beschr\u00e4nkt auf, Verlust von Gewinnen, Daten, Nutzung, Goodwill oder andere immaterielle Verluste, die aus Ihrem Zugang zu oder der Nutzung von oder der Unf\u00e4higkeit, auf den Dienst zuzugreifen oder ihn zu nutzen, resultieren.<\/p>\n","protected":false},"excerpt":{"rendered":"<p>1. Einf\u00fchrung Willkommen bei Stardawnai.com Diese Nutzungsbedingungen (\u201eBedingungen\u201c) regeln Ihren Zugang und die Nutzung unserer Website und Dienste. Durch den Zugriff auf oder die Nutzung des Dienstes erkl\u00e4ren Sie sich mit diesen Bedingungen einverstanden. 2. Erbrachte Dienstleistungen Stardawn&nbsp; bietet Entwicklung autonomer Agenten, Unternehmensberatung, Chatbot-Entwicklung an und diese Dienstleistungen unterliegen den in diesem Dokument dargelegten Bedingungen. [&hellip;]<\/p>\n","protected":false},"author":1,"featured_media":0,"parent":0,"menu_order":0,"comment_status":"closed","ping_status":"closed","template":"","meta":{"inline_featured_image":false,"footnotes":""},"class_list":["post-421","page","type-page","status-publish","hentry"],"acf":[],"yoast_head":"<!-- This site is optimized with the Yoast SEO plugin v27.5 - https:\/\/yoast.com\/product\/yoast-seo-wordpress\/ -->\n<title>AGB | Stardawn AI<\/title>\n<meta name=\"robots\" content=\"index, follow, max-snippet:-1, max-image-preview:large, max-video-preview:-1\" \/>\n<link rel=\"canonical\" href=\"https:\/\/stardawnai.com\/de\/agb\/\" \/>\n<meta property=\"og:locale\" content=\"de_DE\" \/>\n<meta property=\"og:type\" content=\"article\" \/>\n<meta property=\"og:title\" content=\"AGB | Stardawn AI\" \/>\n<meta property=\"og:description\" content=\"1. Einf\u00fchrung Willkommen bei Stardawnai.com Diese Nutzungsbedingungen (\u201eBedingungen\u201c) regeln Ihren Zugang und die Nutzung unserer Website und Dienste. Durch den Zugriff auf oder die Nutzung des Dienstes erkl\u00e4ren Sie sich mit diesen Bedingungen einverstanden. 2. Erbrachte Dienstleistungen Stardawn&nbsp; bietet Entwicklung autonomer Agenten, Unternehmensberatung, Chatbot-Entwicklung an und diese Dienstleistungen unterliegen den in diesem Dokument dargelegten Bedingungen. [&hellip;]\" \/>\n<meta property=\"og:url\" content=\"https:\/\/stardawnai.com\/de\/agb\/\" \/>\n<meta property=\"og:site_name\" content=\"Stardawn AI\" \/>\n<meta property=\"article:publisher\" content=\"https:\/\/www.facebook.com\/profile.php?id=61555963643064\" \/>\n<meta property=\"article:modified_time\" content=\"2024-07-13T07:41:52+00:00\" \/>\n<meta property=\"og:image\" content=\"https:\/\/stardawnai.com\/wp-content\/uploads\/2024\/12\/Stardawn-Yoast-SEO-Site-Image-1200x675-1.png\" \/>\n\t<meta property=\"og:image:width\" content=\"2400\" \/>\n\t<meta property=\"og:image:height\" content=\"1350\" \/>\n\t<meta property=\"og:image:type\" content=\"image\/png\" \/>\n<meta name=\"twitter:card\" content=\"summary_large_image\" \/>\n<meta name=\"twitter:site\" content=\"@Stardawn_Agency\" \/>\n<meta name=\"twitter:label1\" content=\"Gesch\u00e4tzte Lesezeit\" \/>\n\t<meta name=\"twitter:data1\" content=\"2\u00a0Minuten\" \/>\n<script type=\"application\/ld+json\" class=\"yoast-schema-graph\">{\"@context\":\"https:\\\/\\\/schema.org\",\"@graph\":[{\"@type\":\"WebPage\",\"@id\":\"https:\\\/\\\/stardawnai.com\\\/de\\\/agb\\\/\",\"url\":\"https:\\\/\\\/stardawnai.com\\\/de\\\/agb\\\/\",\"name\":\"AGB | Stardawn AI\",\"isPartOf\":{\"@id\":\"https:\\\/\\\/stardawnai.com\\\/de\\\/#website\"},\"datePublished\":\"2024-06-07T10:33:43+00:00\",\"dateModified\":\"2024-07-13T07:41:52+00:00\",\"breadcrumb\":{\"@id\":\"https:\\\/\\\/stardawnai.com\\\/de\\\/agb\\\/#breadcrumb\"},\"inLanguage\":\"de\",\"potentialAction\":[{\"@type\":\"ReadAction\",\"target\":[\"https:\\\/\\\/stardawnai.com\\\/de\\\/agb\\\/\"]}]},{\"@type\":\"BreadcrumbList\",\"@id\":\"https:\\\/\\\/stardawnai.com\\\/de\\\/agb\\\/#breadcrumb\",\"itemListElement\":[{\"@type\":\"ListItem\",\"position\":1,\"name\":\"Home\",\"item\":\"https:\\\/\\\/stardawnai.com\\\/de\\\/\"},{\"@type\":\"ListItem\",\"position\":2,\"name\":\"AGB\"}]},{\"@type\":\"WebSite\",\"@id\":\"https:\\\/\\\/stardawnai.com\\\/de\\\/#website\",\"url\":\"https:\\\/\\\/stardawnai.com\\\/de\\\/\",\"name\":\"Stardawn AI\",\"description\":\"Automating Efficiency.\",\"publisher\":{\"@id\":\"https:\\\/\\\/stardawnai.com\\\/de\\\/#organization\"},\"potentialAction\":[{\"@type\":\"SearchAction\",\"target\":{\"@type\":\"EntryPoint\",\"urlTemplate\":\"https:\\\/\\\/stardawnai.com\\\/de\\\/?s={search_term_string}\"},\"query-input\":{\"@type\":\"PropertyValueSpecification\",\"valueRequired\":true,\"valueName\":\"search_term_string\"}}],\"inLanguage\":\"de\"},{\"@type\":\"Organization\",\"@id\":\"https:\\\/\\\/stardawnai.com\\\/de\\\/#organization\",\"name\":\"Stardawn AI\",\"url\":\"https:\\\/\\\/stardawnai.com\\\/de\\\/\",\"logo\":{\"@type\":\"ImageObject\",\"inLanguage\":\"de\",\"@id\":\"https:\\\/\\\/stardawnai.com\\\/de\\\/#\\\/schema\\\/logo\\\/image\\\/\",\"url\":\"https:\\\/\\\/stardawnai.com\\\/wp-content\\\/uploads\\\/2024\\\/07\\\/52e53140-07a6-4ab2-8504-aec89ca917e1.png\",\"contentUrl\":\"https:\\\/\\\/stardawnai.com\\\/wp-content\\\/uploads\\\/2024\\\/07\\\/52e53140-07a6-4ab2-8504-aec89ca917e1.png\",\"width\":1080,\"height\":1080,\"caption\":\"Stardawn AI\"},\"image\":{\"@id\":\"https:\\\/\\\/stardawnai.com\\\/de\\\/#\\\/schema\\\/logo\\\/image\\\/\"},\"sameAs\":[\"https:\\\/\\\/www.facebook.com\\\/profile.php?id=61555963643064\",\"https:\\\/\\\/x.com\\\/Stardawn_Agency\",\"https:\\\/\\\/www.linkedin.com\\\/company\\\/101796441\"]}]}<\/script>\n<!-- \/ Yoast SEO plugin. -->","yoast_head_json":{"title":"AGB | Stardawn AI","robots":{"index":"index","follow":"follow","max-snippet":"max-snippet:-1","max-image-preview":"max-image-preview:large","max-video-preview":"max-video-preview:-1"},"canonical":"https:\/\/stardawnai.com\/de\/agb\/","og_locale":"de_DE","og_type":"article","og_title":"AGB | Stardawn AI","og_description":"1. Einf\u00fchrung Willkommen bei Stardawnai.com Diese Nutzungsbedingungen (\u201eBedingungen\u201c) regeln Ihren Zugang und die Nutzung unserer Website und Dienste. Durch den Zugriff auf oder die Nutzung des Dienstes erkl\u00e4ren Sie sich mit diesen Bedingungen einverstanden. 2. Erbrachte Dienstleistungen Stardawn&nbsp; bietet Entwicklung autonomer Agenten, Unternehmensberatung, Chatbot-Entwicklung an und diese Dienstleistungen unterliegen den in diesem Dokument dargelegten Bedingungen. [&hellip;]","og_url":"https:\/\/stardawnai.com\/de\/agb\/","og_site_name":"Stardawn AI","article_publisher":"https:\/\/www.facebook.com\/profile.php?id=61555963643064","article_modified_time":"2024-07-13T07:41:52+00:00","og_image":[{"width":2400,"height":1350,"url":"https:\/\/stardawnai.com\/wp-content\/uploads\/2024\/12\/Stardawn-Yoast-SEO-Site-Image-1200x675-1.png","type":"image\/png"}],"twitter_card":"summary_large_image","twitter_site":"@Stardawn_Agency","twitter_misc":{"Gesch\u00e4tzte Lesezeit":"2\u00a0Minuten"},"schema":{"@context":"https:\/\/schema.org","@graph":[{"@type":"WebPage","@id":"https:\/\/stardawnai.com\/de\/agb\/","url":"https:\/\/stardawnai.com\/de\/agb\/","name":"AGB | Stardawn AI","isPartOf":{"@id":"https:\/\/stardawnai.com\/de\/#website"},"datePublished":"2024-06-07T10:33:43+00:00","dateModified":"2024-07-13T07:41:52+00:00","breadcrumb":{"@id":"https:\/\/stardawnai.com\/de\/agb\/#breadcrumb"},"inLanguage":"de","potentialAction":[{"@type":"ReadAction","target":["https:\/\/stardawnai.com\/de\/agb\/"]}]},{"@type":"BreadcrumbList","@id":"https:\/\/stardawnai.com\/de\/agb\/#breadcrumb","itemListElement":[{"@type":"ListItem","position":1,"name":"Home","item":"https:\/\/stardawnai.com\/de\/"},{"@type":"ListItem","position":2,"name":"AGB"}]},{"@type":"WebSite","@id":"https:\/\/stardawnai.com\/de\/#website","url":"https:\/\/stardawnai.com\/de\/","name":"Stardawn AI","description":"Automating Efficiency.","publisher":{"@id":"https:\/\/stardawnai.com\/de\/#organization"},"potentialAction":[{"@type":"SearchAction","target":{"@type":"EntryPoint","urlTemplate":"https:\/\/stardawnai.com\/de\/?s={search_term_string}"},"query-input":{"@type":"PropertyValueSpecification","valueRequired":true,"valueName":"search_term_string"}}],"inLanguage":"de"},{"@type":"Organization","@id":"https:\/\/stardawnai.com\/de\/#organization","name":"Stardawn AI","url":"https:\/\/stardawnai.com\/de\/","logo":{"@type":"ImageObject","inLanguage":"de","@id":"https:\/\/stardawnai.com\/de\/#\/schema\/logo\/image\/","url":"https:\/\/stardawnai.com\/wp-content\/uploads\/2024\/07\/52e53140-07a6-4ab2-8504-aec89ca917e1.png","contentUrl":"https:\/\/stardawnai.com\/wp-content\/uploads\/2024\/07\/52e53140-07a6-4ab2-8504-aec89ca917e1.png","width":1080,"height":1080,"caption":"Stardawn AI"},"image":{"@id":"https:\/\/stardawnai.com\/de\/#\/schema\/logo\/image\/"},"sameAs":["https:\/\/www.facebook.com\/profile.php?id=61555963643064","https:\/\/x.com\/Stardawn_Agency","https:\/\/www.linkedin.com\/company\/101796441"]}]}},"_links":{"self":[{"href":"https:\/\/stardawnai.com\/de\/wp-json\/wp\/v2\/pages\/421","targetHints":{"allow":["GET"]}}],"collection":[{"href":"https:\/\/stardawnai.com\/de\/wp-json\/wp\/v2\/pages"}],"about":[{"href":"https:\/\/stardawnai.com\/de\/wp-json\/wp\/v2\/types\/page"}],"author":[{"embeddable":true,"href":"https:\/\/stardawnai.com\/de\/wp-json\/wp\/v2\/users\/1"}],"replies":[{"embeddable":true,"href":"https:\/\/stardawnai.com\/de\/wp-json\/wp\/v2\/comments?post=421"}],"version-history":[{"count":5,"href":"https:\/\/stardawnai.com\/de\/wp-json\/wp\/v2\/pages\/421\/revisions"}],"predecessor-version":[{"id":568,"href":"https:\/\/stardawnai.com\/de\/wp-json\/wp\/v2\/pages\/421\/revisions\/568"}],"wp:attachment":[{"href":"https:\/\/stardawnai.com\/de\/wp-json\/wp\/v2\/media?parent=421"}],"curies":[{"name":"wp","href":"https:\/\/api.w.org\/{rel}","templated":true}]}}