{"id":416,"date":"2024-06-07T10:33:30","date_gmt":"2024-06-07T10:33:30","guid":{"rendered":"http:\/\/stardawnai.com\/?page_id=416"},"modified":"2024-07-13T07:34:46","modified_gmt":"2024-07-13T07:34:46","slug":"impressum","status":"publish","type":"page","link":"https:\/\/stardawnai.com\/de\/impressum\/","title":{"rendered":"Impressum"},"content":{"rendered":"\n<p>Stand4 GmbH<br>Magirus-Deutz Stra\u00dfe 12<br>89077 Ulm-S\u00f6flingen<br><br>Vertreten durch<br>Jim Benjamin Presting, Gesch\u00e4ftsf\u00fchrer<br><br>Kontakt<br>Email: contact@stardawnai.com<br><br>Entry in the Commercial Register<br>Register Court: Ulm<br>Register Number: 740178<br><br>Eintragung im Handelsregister<br>Registergericht:Ulm<br>Registernummer: 740178<br><br>Haftung f\u00fcr Inhalte<br>\u200dAls Diensteanbieter sind wir gem\u00e4\u00df \u00a7 7 Abs.1 TMG f\u00fcr eigene Inhalte auf diesen Seiten nach den allgemeinen Gesetzen verantwortlich. Nach \u00a7\u00a7 8 bis 10 TMG sind wir als Diensteanbieter jedoch nicht verpflichtet, \u00fcbermittelte oder gespeicherte fremde Informationen zu \u00fcberwachen oder nach Umst\u00e4nden zu forschen, die auf eine rechtswidrige T\u00e4tigkeit hinweisen. Verpflichtungen zur Entfernung oder Sperrung der Nutzung von Informationen nach den allgemeinen Gesetzen bleiben hiervon unber\u00fchrt. Eine diesbez\u00fcgliche Haftung ist jedoch erst ab dem Zeitpunkt der Kenntnis einer konkreten Rechtsverletzung m\u00f6glich. Bei Bekanntwerden von entsprechenden Rechtsverletzungen werden wir diese Inhalte umgehend entfernen.<br><br>Urheberrecht<br>\u200dDie durch die Seitenbetreiber erstellten Inhalte und Werke auf diesen Seiten unterliegen dem deutschen Urheberrecht. Die Vervielf\u00e4ltigung, Bearbeitung, Verbreitung und jede Art der Verwertung au\u00dferhalb der Grenzen des Urheberrechtes bed\u00fcrfen der schriftlichen Zustimmung des jeweiligen Autors bzw. Erstellers. Downloads und Kopien dieser Seite sind nur f\u00fcr den privaten, nicht kommerziellen Gebrauch gestattet. Soweit die Inhalte auf dieser Seite nicht vom Betreiber erstellt wurden, werden die Urheberrechte Dritter beachtet. Insbesondere werden Inhalte Dritter als solche gekennzeichnet. Sollten Sie trotzdem auf eine Urheberrechtsverletzung aufmerksam werden, bitten wir um einen entsprechenden Hinweis. Bei Bekanntwerden von Rechtsverletzungen werden wir derartige Inhalte umgehend entfernen.<\/p>\n","protected":false},"excerpt":{"rendered":"<p>Stand4 GmbHMagirus-Deutz Stra\u00dfe 1289077 Ulm-S\u00f6flingen Vertreten durchJim Benjamin Presting, Gesch\u00e4ftsf\u00fchrer KontaktEmail: contact@stardawnai.com Entry in the Commercial RegisterRegister Court: UlmRegister Number: 740178 Eintragung im HandelsregisterRegistergericht:UlmRegisternummer: 740178 Haftung f\u00fcr Inhalte\u200dAls Diensteanbieter sind wir gem\u00e4\u00df \u00a7 7 Abs.1 TMG f\u00fcr eigene Inhalte auf diesen Seiten nach den allgemeinen Gesetzen verantwortlich. Nach \u00a7\u00a7 8 bis 10 TMG sind wir [&hellip;]<\/p>\n","protected":false},"author":1,"featured_media":0,"parent":0,"menu_order":0,"comment_status":"closed","ping_status":"closed","template":"","meta":{"inline_featured_image":false,"footnotes":""},"class_list":["post-416","page","type-page","status-publish","hentry"],"acf":[],"yoast_head":"<!-- This site is optimized with the Yoast SEO plugin v27.4 - https:\/\/yoast.com\/product\/yoast-seo-wordpress\/ -->\n<title>Impressum | Stardawn AI<\/title>\n<meta name=\"robots\" content=\"index, follow, max-snippet:-1, max-image-preview:large, max-video-preview:-1\" \/>\n<link rel=\"canonical\" href=\"https:\/\/stardawnai.com\/de\/impressum\/\" \/>\n<meta property=\"og:locale\" content=\"de_DE\" \/>\n<meta property=\"og:type\" content=\"article\" \/>\n<meta property=\"og:title\" content=\"Impressum | Stardawn AI\" \/>\n<meta property=\"og:description\" content=\"Stand4 GmbHMagirus-Deutz Stra\u00dfe 1289077 Ulm-S\u00f6flingen Vertreten durchJim Benjamin Presting, Gesch\u00e4ftsf\u00fchrer KontaktEmail: contact@stardawnai.com Entry in the Commercial RegisterRegister Court: UlmRegister Number: 740178 Eintragung im HandelsregisterRegistergericht:UlmRegisternummer: 740178 Haftung f\u00fcr Inhalte\u200dAls Diensteanbieter sind wir gem\u00e4\u00df \u00a7 7 Abs.1 TMG f\u00fcr eigene Inhalte auf diesen Seiten nach den allgemeinen Gesetzen verantwortlich. Nach \u00a7\u00a7 8 bis 10 TMG sind wir [&hellip;]\" \/>\n<meta property=\"og:url\" content=\"https:\/\/stardawnai.com\/de\/impressum\/\" \/>\n<meta property=\"og:site_name\" content=\"Stardawn AI\" \/>\n<meta property=\"article:publisher\" content=\"https:\/\/www.facebook.com\/profile.php?id=61555963643064\" \/>\n<meta property=\"article:modified_time\" content=\"2024-07-13T07:34:46+00:00\" \/>\n<meta property=\"og:image\" content=\"https:\/\/stardawnai.com\/wp-content\/uploads\/2024\/12\/Stardawn-Yoast-SEO-Site-Image-1200x675-1.png\" \/>\n\t<meta property=\"og:image:width\" content=\"2400\" \/>\n\t<meta property=\"og:image:height\" content=\"1350\" \/>\n\t<meta property=\"og:image:type\" content=\"image\/png\" \/>\n<meta name=\"twitter:card\" content=\"summary_large_image\" \/>\n<meta name=\"twitter:site\" content=\"@Stardawn_Agency\" \/>\n<meta name=\"twitter:label1\" content=\"Gesch\u00e4tzte Lesezeit\" \/>\n\t<meta name=\"twitter:data1\" content=\"1\u00a0Minute\" \/>\n<script type=\"application\/ld+json\" class=\"yoast-schema-graph\">{\"@context\":\"https:\\\/\\\/schema.org\",\"@graph\":[{\"@type\":\"WebPage\",\"@id\":\"https:\\\/\\\/stardawnai.com\\\/de\\\/impressum\\\/\",\"url\":\"https:\\\/\\\/stardawnai.com\\\/de\\\/impressum\\\/\",\"name\":\"Impressum | Stardawn AI\",\"isPartOf\":{\"@id\":\"https:\\\/\\\/stardawnai.com\\\/de\\\/#website\"},\"datePublished\":\"2024-06-07T10:33:30+00:00\",\"dateModified\":\"2024-07-13T07:34:46+00:00\",\"breadcrumb\":{\"@id\":\"https:\\\/\\\/stardawnai.com\\\/de\\\/impressum\\\/#breadcrumb\"},\"inLanguage\":\"de\",\"potentialAction\":[{\"@type\":\"ReadAction\",\"target\":[\"https:\\\/\\\/stardawnai.com\\\/de\\\/impressum\\\/\"]}]},{\"@type\":\"BreadcrumbList\",\"@id\":\"https:\\\/\\\/stardawnai.com\\\/de\\\/impressum\\\/#breadcrumb\",\"itemListElement\":[{\"@type\":\"ListItem\",\"position\":1,\"name\":\"Home\",\"item\":\"https:\\\/\\\/stardawnai.com\\\/de\\\/\"},{\"@type\":\"ListItem\",\"position\":2,\"name\":\"Impressum\"}]},{\"@type\":\"WebSite\",\"@id\":\"https:\\\/\\\/stardawnai.com\\\/de\\\/#website\",\"url\":\"https:\\\/\\\/stardawnai.com\\\/de\\\/\",\"name\":\"Stardawn AI\",\"description\":\"Automating Efficiency.\",\"publisher\":{\"@id\":\"https:\\\/\\\/stardawnai.com\\\/de\\\/#organization\"},\"potentialAction\":[{\"@type\":\"SearchAction\",\"target\":{\"@type\":\"EntryPoint\",\"urlTemplate\":\"https:\\\/\\\/stardawnai.com\\\/de\\\/?s={search_term_string}\"},\"query-input\":{\"@type\":\"PropertyValueSpecification\",\"valueRequired\":true,\"valueName\":\"search_term_string\"}}],\"inLanguage\":\"de\"},{\"@type\":\"Organization\",\"@id\":\"https:\\\/\\\/stardawnai.com\\\/de\\\/#organization\",\"name\":\"Stardawn AI\",\"url\":\"https:\\\/\\\/stardawnai.com\\\/de\\\/\",\"logo\":{\"@type\":\"ImageObject\",\"inLanguage\":\"de\",\"@id\":\"https:\\\/\\\/stardawnai.com\\\/de\\\/#\\\/schema\\\/logo\\\/image\\\/\",\"url\":\"https:\\\/\\\/stardawnai.com\\\/wp-content\\\/uploads\\\/2024\\\/07\\\/52e53140-07a6-4ab2-8504-aec89ca917e1.png\",\"contentUrl\":\"https:\\\/\\\/stardawnai.com\\\/wp-content\\\/uploads\\\/2024\\\/07\\\/52e53140-07a6-4ab2-8504-aec89ca917e1.png\",\"width\":1080,\"height\":1080,\"caption\":\"Stardawn AI\"},\"image\":{\"@id\":\"https:\\\/\\\/stardawnai.com\\\/de\\\/#\\\/schema\\\/logo\\\/image\\\/\"},\"sameAs\":[\"https:\\\/\\\/www.facebook.com\\\/profile.php?id=61555963643064\",\"https:\\\/\\\/x.com\\\/Stardawn_Agency\",\"https:\\\/\\\/www.linkedin.com\\\/company\\\/101796441\"]}]}<\/script>\n<!-- \/ Yoast SEO plugin. -->","yoast_head_json":{"title":"Impressum | Stardawn AI","robots":{"index":"index","follow":"follow","max-snippet":"max-snippet:-1","max-image-preview":"max-image-preview:large","max-video-preview":"max-video-preview:-1"},"canonical":"https:\/\/stardawnai.com\/de\/impressum\/","og_locale":"de_DE","og_type":"article","og_title":"Impressum | Stardawn AI","og_description":"Stand4 GmbHMagirus-Deutz Stra\u00dfe 1289077 Ulm-S\u00f6flingen Vertreten durchJim Benjamin Presting, Gesch\u00e4ftsf\u00fchrer KontaktEmail: contact@stardawnai.com Entry in the Commercial RegisterRegister Court: UlmRegister Number: 740178 Eintragung im HandelsregisterRegistergericht:UlmRegisternummer: 740178 Haftung f\u00fcr Inhalte\u200dAls Diensteanbieter sind wir gem\u00e4\u00df \u00a7 7 Abs.1 TMG f\u00fcr eigene Inhalte auf diesen Seiten nach den allgemeinen Gesetzen verantwortlich. Nach \u00a7\u00a7 8 bis 10 TMG sind wir [&hellip;]","og_url":"https:\/\/stardawnai.com\/de\/impressum\/","og_site_name":"Stardawn AI","article_publisher":"https:\/\/www.facebook.com\/profile.php?id=61555963643064","article_modified_time":"2024-07-13T07:34:46+00:00","og_image":[{"width":2400,"height":1350,"url":"https:\/\/stardawnai.com\/wp-content\/uploads\/2024\/12\/Stardawn-Yoast-SEO-Site-Image-1200x675-1.png","type":"image\/png"}],"twitter_card":"summary_large_image","twitter_site":"@Stardawn_Agency","twitter_misc":{"Gesch\u00e4tzte Lesezeit":"1\u00a0Minute"},"schema":{"@context":"https:\/\/schema.org","@graph":[{"@type":"WebPage","@id":"https:\/\/stardawnai.com\/de\/impressum\/","url":"https:\/\/stardawnai.com\/de\/impressum\/","name":"Impressum | Stardawn AI","isPartOf":{"@id":"https:\/\/stardawnai.com\/de\/#website"},"datePublished":"2024-06-07T10:33:30+00:00","dateModified":"2024-07-13T07:34:46+00:00","breadcrumb":{"@id":"https:\/\/stardawnai.com\/de\/impressum\/#breadcrumb"},"inLanguage":"de","potentialAction":[{"@type":"ReadAction","target":["https:\/\/stardawnai.com\/de\/impressum\/"]}]},{"@type":"BreadcrumbList","@id":"https:\/\/stardawnai.com\/de\/impressum\/#breadcrumb","itemListElement":[{"@type":"ListItem","position":1,"name":"Home","item":"https:\/\/stardawnai.com\/de\/"},{"@type":"ListItem","position":2,"name":"Impressum"}]},{"@type":"WebSite","@id":"https:\/\/stardawnai.com\/de\/#website","url":"https:\/\/stardawnai.com\/de\/","name":"Stardawn AI","description":"Automating Efficiency.","publisher":{"@id":"https:\/\/stardawnai.com\/de\/#organization"},"potentialAction":[{"@type":"SearchAction","target":{"@type":"EntryPoint","urlTemplate":"https:\/\/stardawnai.com\/de\/?s={search_term_string}"},"query-input":{"@type":"PropertyValueSpecification","valueRequired":true,"valueName":"search_term_string"}}],"inLanguage":"de"},{"@type":"Organization","@id":"https:\/\/stardawnai.com\/de\/#organization","name":"Stardawn AI","url":"https:\/\/stardawnai.com\/de\/","logo":{"@type":"ImageObject","inLanguage":"de","@id":"https:\/\/stardawnai.com\/de\/#\/schema\/logo\/image\/","url":"https:\/\/stardawnai.com\/wp-content\/uploads\/2024\/07\/52e53140-07a6-4ab2-8504-aec89ca917e1.png","contentUrl":"https:\/\/stardawnai.com\/wp-content\/uploads\/2024\/07\/52e53140-07a6-4ab2-8504-aec89ca917e1.png","width":1080,"height":1080,"caption":"Stardawn AI"},"image":{"@id":"https:\/\/stardawnai.com\/de\/#\/schema\/logo\/image\/"},"sameAs":["https:\/\/www.facebook.com\/profile.php?id=61555963643064","https:\/\/x.com\/Stardawn_Agency","https:\/\/www.linkedin.com\/company\/101796441"]}]}},"_links":{"self":[{"href":"https:\/\/stardawnai.com\/de\/wp-json\/wp\/v2\/pages\/416","targetHints":{"allow":["GET"]}}],"collection":[{"href":"https:\/\/stardawnai.com\/de\/wp-json\/wp\/v2\/pages"}],"about":[{"href":"https:\/\/stardawnai.com\/de\/wp-json\/wp\/v2\/types\/page"}],"author":[{"embeddable":true,"href":"https:\/\/stardawnai.com\/de\/wp-json\/wp\/v2\/users\/1"}],"replies":[{"embeddable":true,"href":"https:\/\/stardawnai.com\/de\/wp-json\/wp\/v2\/comments?post=416"}],"version-history":[{"count":4,"href":"https:\/\/stardawnai.com\/de\/wp-json\/wp\/v2\/pages\/416\/revisions"}],"predecessor-version":[{"id":565,"href":"https:\/\/stardawnai.com\/de\/wp-json\/wp\/v2\/pages\/416\/revisions\/565"}],"wp:attachment":[{"href":"https:\/\/stardawnai.com\/de\/wp-json\/wp\/v2\/media?parent=416"}],"curies":[{"name":"wp","href":"https:\/\/api.w.org\/{rel}","templated":true}]}}